{"id":770,"date":"2024-02-14T14:50:21","date_gmt":"2024-02-14T13:50:21","guid":{"rendered":"https:\/\/frenchpapergallery.com\/?page_id=770"},"modified":"2024-07-16T11:00:15","modified_gmt":"2024-07-16T09:00:15","slug":"a-propos","status":"publish","type":"page","link":"https:\/\/frenchpapergallery.com\/index.php\/a-propos\/","title":{"rendered":"\u00c0 propos \/ contact"},"content":{"rendered":"\t\t<div data-elementor-type=\"wp-page\" data-elementor-id=\"770\" class=\"elementor elementor-770\">\n\t\t\t\t<div class=\"elementor-element elementor-element-8cfe510 e-flex e-con-boxed e-con e-parent\" data-id=\"8cfe510\" data-element_type=\"container\">\n\t\t\t\t\t<div class=\"e-con-inner\">\n\t\t\t\t<div class=\"elementor-element elementor-element-f32ad3f elementor-widget elementor-widget-heading\" data-id=\"f32ad3f\" data-element_type=\"widget\" data-widget_type=\"heading.default\">\n\t\t\t\t<div class=\"elementor-widget-container\">\n\t\t\t\t\t<h1 class=\"elementor-heading-title elementor-size-default\">Bienvenue sur le site de la French Paper Gallery<\/h1>\t\t\t\t<\/div>\n\t\t\t\t<\/div>\n\t\t\t\t<div class=\"elementor-element elementor-element-5bbd7ed elementor-align-right elementor-widget elementor-widget-button\" data-id=\"5bbd7ed\" data-element_type=\"widget\" data-widget_type=\"button.default\">\n\t\t\t\t<div class=\"elementor-widget-container\">\n\t\t\t\t\t\t\t\t\t<div class=\"elementor-button-wrapper\">\n\t\t\t\t\t<a class=\"elementor-button elementor-button-link elementor-size-sm elementor-animation-pop\" href=\"https:\/\/frenchpapergallery.com\/index.php\/contact\/\">\n\t\t\t\t\t\t<span class=\"elementor-button-content-wrapper\">\n\t\t\t\t\t\t\t\t\t<span class=\"elementor-button-text\">Nous contacter !<\/span>\n\t\t\t\t\t<\/span>\n\t\t\t\t\t<\/a>\n\t\t\t\t<\/div>\n\t\t\t\t\t\t\t\t<\/div>\n\t\t\t\t<\/div>\n\t\t\t\t<div class=\"elementor-element elementor-element-07688f3 elementor-widget elementor-widget-spacer\" data-id=\"07688f3\" data-element_type=\"widget\" data-widget_type=\"spacer.default\">\n\t\t\t\t<div class=\"elementor-widget-container\">\n\t\t\t\t\t\t\t<div class=\"elementor-spacer\">\n\t\t\t<div class=\"elementor-spacer-inner\"><\/div>\n\t\t<\/div>\n\t\t\t\t\t\t<\/div>\n\t\t\t\t<\/div>\n\t\t\t\t\t<\/div>\n\t\t\t\t<\/div>\n\t\t<div class=\"elementor-element elementor-element-498b7ad e-con-full e-flex e-con e-parent\" data-id=\"498b7ad\" data-element_type=\"container\">\n\t\t<div class=\"elementor-element elementor-element-820f77f e-con-full e-flex e-con e-child\" data-id=\"820f77f\" data-element_type=\"container\">\n\t\t\t\t<div class=\"elementor-element elementor-element-94ed27e elementor-widget elementor-widget-text-editor\" data-id=\"94ed27e\" data-element_type=\"widget\" data-widget_type=\"text-editor.default\">\n\t\t\t\t<div class=\"elementor-widget-container\">\n\t\t\t\t\t\t\t\t\t<p>Retrouvez toutes nos s\u00e9rigraphies sur la galerie en ligne <a href=\"https:\/\/frenchpaperartclub.com\/\">www.frenchpaperclub.com<\/a><\/p>\t\t\t\t\t\t\t\t<\/div>\n\t\t\t\t<\/div>\n\t\t\t\t<div class=\"elementor-element elementor-element-7a17b93 elementor-widget elementor-widget-image\" data-id=\"7a17b93\" data-element_type=\"widget\" data-widget_type=\"image.default\">\n\t\t\t\t<div class=\"elementor-widget-container\">\n\t\t\t\t\t\t\t\t\t\t\t\t<figure class=\"wp-caption\">\n\t\t\t\t\t\t\t\t\t\t<img fetchpriority=\"high\" decoding=\"async\" width=\"300\" height=\"189\" src=\"https:\/\/frenchpapergallery.com\/wp-content\/uploads\/2024\/02\/Capture-decran-2024-02-14-a-15.00.52-1-300x189.webp\" class=\"attachment-medium size-medium wp-image-793\" alt=\"\" srcset=\"https:\/\/frenchpapergallery.com\/wp-content\/uploads\/2024\/02\/Capture-decran-2024-02-14-a-15.00.52-1-300x189.webp 300w, https:\/\/frenchpapergallery.com\/wp-content\/uploads\/2024\/02\/Capture-decran-2024-02-14-a-15.00.52-1.webp 700w\" sizes=\"(max-width: 300px) 100vw, 300px\" \/>\t\t\t\t\t\t\t\t\t\t\t<figcaption class=\"widget-image-caption wp-caption-text\">The Chemical Brothers \/ Foals<\/figcaption>\n\t\t\t\t\t\t\t\t\t\t<\/figure>\n\t\t\t\t\t\t\t\t\t<\/div>\n\t\t\t\t<\/div>\n\t\t\t\t<div class=\"elementor-element elementor-element-844032b elementor-widget elementor-widget-image\" data-id=\"844032b\" data-element_type=\"widget\" data-widget_type=\"image.default\">\n\t\t\t\t<div class=\"elementor-widget-container\">\n\t\t\t\t\t\t\t\t\t\t\t\t<figure class=\"wp-caption\">\n\t\t\t\t\t\t\t\t\t\t<img decoding=\"async\" width=\"300\" height=\"201\" src=\"https:\/\/frenchpapergallery.com\/wp-content\/uploads\/2024\/02\/Capture-decran-2024-02-14-a-15.01.37-1-300x201.webp\" class=\"attachment-medium size-medium wp-image-791\" alt=\"\" srcset=\"https:\/\/frenchpapergallery.com\/wp-content\/uploads\/2024\/02\/Capture-decran-2024-02-14-a-15.01.37-1-300x201.webp 300w, https:\/\/frenchpapergallery.com\/wp-content\/uploads\/2024\/02\/Capture-decran-2024-02-14-a-15.01.37-1.webp 700w\" sizes=\"(max-width: 300px) 100vw, 300px\" \/>\t\t\t\t\t\t\t\t\t\t\t<figcaption class=\"widget-image-caption wp-caption-text\">Angus Young (AC\/DC), Stade de France 2015<\/figcaption>\n\t\t\t\t\t\t\t\t\t\t<\/figure>\n\t\t\t\t\t\t\t\t\t<\/div>\n\t\t\t\t<\/div>\n\t\t\t\t<div class=\"elementor-element elementor-element-333b011 elementor-widget elementor-widget-image\" data-id=\"333b011\" data-element_type=\"widget\" data-widget_type=\"image.default\">\n\t\t\t\t<div class=\"elementor-widget-container\">\n\t\t\t\t\t\t\t\t\t\t\t\t<figure class=\"wp-caption\">\n\t\t\t\t\t\t\t\t\t\t<img decoding=\"async\" width=\"300\" height=\"180\" src=\"https:\/\/frenchpapergallery.com\/wp-content\/uploads\/2024\/02\/Capture-decran-2024-02-14-a-15.01.07-1-300x180.webp\" class=\"attachment-medium size-medium wp-image-792\" alt=\"\" srcset=\"https:\/\/frenchpapergallery.com\/wp-content\/uploads\/2024\/02\/Capture-decran-2024-02-14-a-15.01.07-1-300x180.webp 300w, https:\/\/frenchpapergallery.com\/wp-content\/uploads\/2024\/02\/Capture-decran-2024-02-14-a-15.01.07-1.webp 700w\" sizes=\"(max-width: 300px) 100vw, 300px\" \/>\t\t\t\t\t\t\t\t\t\t\t<figcaption class=\"widget-image-caption wp-caption-text\">Cthulhu \u00e0 la poursuite de l'Alert | Cyclopean Series<\/figcaption>\n\t\t\t\t\t\t\t\t\t\t<\/figure>\n\t\t\t\t\t\t\t\t\t<\/div>\n\t\t\t\t<\/div>\n\t\t\t\t<\/div>\n\t\t<div class=\"elementor-element elementor-element-e90dfc4 e-con-full e-flex e-con e-child\" data-id=\"e90dfc4\" data-element_type=\"container\">\n\t\t\t\t<div class=\"elementor-element elementor-element-2df3a02 elementor-widget elementor-widget-text-editor\" data-id=\"2df3a02\" data-element_type=\"widget\" data-widget_type=\"text-editor.default\">\n\t\t\t\t<div class=\"elementor-widget-container\">\n\t\t\t\t\t\t\t\t\t<ul><li>Depuis 2010, French Paper Art Club est une galerie en ligne sp\u00e9cialiste de la s\u00e9rigraphie et des tirages multiples li\u00e9s \u00e0 la musique (s\u00e9rigraphies de concerts) \u00e0 la pop culture (cin\u00e9ma, comics, jeux vid\u00e9o&#8230;.) et au Street Art, proposant les travaux d&rsquo;artistes nationaux et internationaux.<br \/><br \/><\/li><li>La s\u00e9rigraphie, dont nous privil\u00e9gions une approche artisanale, donne une puissance et une profondeur particuli\u00e8res \u00e0 leurs illustrations. La s\u00e9rigraphie est aujourd&rsquo;hui un objet de design, tout en restant abordable financi\u00e8rement. Nous \u00e9ditons nos propres s\u00e9rigraphies et tirages pigmentaires mais nous travaillons \u00e9galement en collaborations avec les artistes, designers et studios de s\u00e9rigraphies du monde entier afin de proposer de nouvelles cr\u00e9ations. Nous renouvelons ainsi tr\u00e8s r\u00e9guli\u00e8rement notre catalogue d&rsquo;\u0153uvres s\u00e9rigraphi\u00e9es afin de proposer un large choix de visuels et de th\u00e8mes.<br \/><br \/><\/li><li>Depuis 2020, nous travaillons \u00e9galement autour de la photographie. Issues de la collaboration avec une agence de photographes, nous proposons des tirages d&rsquo;art en \u00e9ditions limit\u00e9es sur des th\u00e8mes li\u00e9s \u00e0 la musique (photos de sc\u00e8ne &#8211; live, archives de presse, making-of, reportages&#8230;)<br \/><br \/><\/li><li>Ouverte depuis Juillet 2015 au cour du Marais \u00e0 Paris, la French Paper Gallery est le lieu d&rsquo;exposition permanent des activit\u00e9s du French Paper Art Club. Nous proposons des expositions th\u00e9matiques, group show, solo show ou monographies d&rsquo;artistes. Nos expositions mettent en avant le travail des artistes avec qui nous collaborons et permettent une plus grande visibilit\u00e9 de nos s\u00e9rigraphies et tirages d&rsquo;art. Nous proposons entre 6 et 8 expositions par an. En collaboration avec les maisons de disques, studios de jeux vid\u00e9o et cin\u00e9ma, la French Paper Gallery est \u00e9galement un lieu d&rsquo;\u00e9v\u00e9nement sp\u00e9ciaux (sorties de disques, promotion d&rsquo;artistes, release parties, etc).<\/li><\/ul>\t\t\t\t\t\t\t\t<\/div>\n\t\t\t\t<\/div>\n\t\t\t\t<div class=\"elementor-element elementor-element-828c6ed elementor-widget elementor-widget-text-editor\" data-id=\"828c6ed\" data-element_type=\"widget\" data-widget_type=\"text-editor.default\">\n\t\t\t\t<div class=\"elementor-widget-container\">\n\t\t\t\t\t\t\t\t\t<p><strong>La French Paper Gallery est ouverte du mercredi au samedi de 14h \u00e0 19h.<\/strong><\/p><p>Adresse de la galerie:\u00a0 51 rue Volta, 75003 Paris\u00a0(M\u00e9tros R\u00e9publique \/ Temple \/ Arts et M\u00e9tiers). Vous pouvez d\u00e8s \u00e0 pr\u00e9sent venir contempler vos s\u00e9rigraphies pr\u00e9f\u00e9r\u00e9es sur nos murs !<\/p><p>La French Paper Gallery est ouverte.<\/p><p>Nous vous y attendons !<\/p><p>Contact:\u00a0<a title=\"Contact French Paper Art Club\" href=\"mailto:contact@frenchpaperartclub.com\" target=\"_blank\" rel=\"noopener\">contact@frenchpaperartclub.com<\/a><\/p>\t\t\t\t\t\t\t\t<\/div>\n\t\t\t\t<\/div>\n\t\t\t\t<\/div>\n\t\t\t\t<\/div>\n\t\t\t\t<\/div>\n\t\t","protected":false},"excerpt":{"rendered":"<p>Bienvenue sur le site de la French Paper Gallery Nous contacter ! Retrouvez toutes nos s\u00e9rigraphies sur la galerie en ligne www.frenchpaperclub.com The Chemical Brothers \/ Foals Angus Young (AC\/DC), Stade de France 2015 Cthulhu \u00e0 la poursuite de l&rsquo;Alert | Cyclopean Series Depuis 2010, French Paper Art Club est une galerie en ligne sp\u00e9cialiste [&hellip;]<\/p>\n","protected":false},"author":4,"featured_media":0,"parent":0,"menu_order":0,"comment_status":"closed","ping_status":"closed","template":"","meta":{"ocean_post_layout":"","ocean_both_sidebars_style":"","ocean_both_sidebars_content_width":0,"ocean_both_sidebars_sidebars_width":0,"ocean_sidebar":"","ocean_second_sidebar":"","ocean_disable_margins":"enable","ocean_add_body_class":"","ocean_shortcode_before_top_bar":"","ocean_shortcode_after_top_bar":"","ocean_shortcode_before_header":"","ocean_shortcode_after_header":"","ocean_has_shortcode":"","ocean_shortcode_after_title":"","ocean_shortcode_before_footer_widgets":"","ocean_shortcode_after_footer_widgets":"","ocean_shortcode_before_footer_bottom":"","ocean_shortcode_after_footer_bottom":"","ocean_display_top_bar":"default","ocean_display_header":"default","ocean_header_style":"","ocean_center_header_left_menu":"","ocean_custom_header_template":"","ocean_custom_logo":0,"ocean_custom_retina_logo":0,"ocean_custom_logo_max_width":0,"ocean_custom_logo_tablet_max_width":0,"ocean_custom_logo_mobile_max_width":0,"ocean_custom_logo_max_height":0,"ocean_custom_logo_tablet_max_height":0,"ocean_custom_logo_mobile_max_height":0,"ocean_header_custom_menu":"","ocean_menu_typo_font_family":"","ocean_menu_typo_font_subset":"","ocean_menu_typo_font_size":0,"ocean_menu_typo_font_size_tablet":0,"ocean_menu_typo_font_size_mobile":0,"ocean_menu_typo_font_size_unit":"px","ocean_menu_typo_font_weight":"","ocean_menu_typo_font_weight_tablet":"","ocean_menu_typo_font_weight_mobile":"","ocean_menu_typo_transform":"","ocean_menu_typo_transform_tablet":"","ocean_menu_typo_transform_mobile":"","ocean_menu_typo_line_height":0,"ocean_menu_typo_line_height_tablet":0,"ocean_menu_typo_line_height_mobile":0,"ocean_menu_typo_line_height_unit":"","ocean_menu_typo_spacing":0,"ocean_menu_typo_spacing_tablet":0,"ocean_menu_typo_spacing_mobile":0,"ocean_menu_typo_spacing_unit":"","ocean_menu_link_color":"","ocean_menu_link_color_hover":"","ocean_menu_link_color_active":"","ocean_menu_link_background":"","ocean_menu_link_hover_background":"","ocean_menu_link_active_background":"","ocean_menu_social_links_bg":"","ocean_menu_social_hover_links_bg":"","ocean_menu_social_links_color":"","ocean_menu_social_hover_links_color":"","ocean_disable_title":"default","ocean_disable_heading":"default","ocean_post_title":"","ocean_post_subheading":"","ocean_post_title_style":"","ocean_post_title_background_color":"","ocean_post_title_background":0,"ocean_post_title_bg_image_position":"","ocean_post_title_bg_image_attachment":"","ocean_post_title_bg_image_repeat":"","ocean_post_title_bg_image_size":"","ocean_post_title_height":0,"ocean_post_title_bg_overlay":0.5,"ocean_post_title_bg_overlay_color":"","ocean_disable_breadcrumbs":"default","ocean_breadcrumbs_color":"","ocean_breadcrumbs_separator_color":"","ocean_breadcrumbs_links_color":"","ocean_breadcrumbs_links_hover_color":"","ocean_display_footer_widgets":"default","ocean_display_footer_bottom":"default","ocean_custom_footer_template":"","footnotes":""},"class_list":["post-770","page","type-page","status-publish","hentry","entry"],"_links":{"self":[{"href":"https:\/\/frenchpapergallery.com\/index.php\/wp-json\/wp\/v2\/pages\/770","targetHints":{"allow":["GET"]}}],"collection":[{"href":"https:\/\/frenchpapergallery.com\/index.php\/wp-json\/wp\/v2\/pages"}],"about":[{"href":"https:\/\/frenchpapergallery.com\/index.php\/wp-json\/wp\/v2\/types\/page"}],"author":[{"embeddable":true,"href":"https:\/\/frenchpapergallery.com\/index.php\/wp-json\/wp\/v2\/users\/4"}],"replies":[{"embeddable":true,"href":"https:\/\/frenchpapergallery.com\/index.php\/wp-json\/wp\/v2\/comments?post=770"}],"version-history":[{"count":84,"href":"https:\/\/frenchpapergallery.com\/index.php\/wp-json\/wp\/v2\/pages\/770\/revisions"}],"predecessor-version":[{"id":2227,"href":"https:\/\/frenchpapergallery.com\/index.php\/wp-json\/wp\/v2\/pages\/770\/revisions\/2227"}],"wp:attachment":[{"href":"https:\/\/frenchpapergallery.com\/index.php\/wp-json\/wp\/v2\/media?parent=770"}],"curies":[{"name":"wp","href":"https:\/\/api.w.org\/{rel}","templated":true}]}}