{"id":2557,"date":"2026-04-25T10:25:09","date_gmt":"2026-04-25T08:25:09","guid":{"rendered":"https:\/\/frenchpapergallery.com\/?page_id=2557"},"modified":"2026-04-25T11:26:56","modified_gmt":"2026-04-25T09:26:56","slug":"la-galerie-nouvelle","status":"publish","type":"page","link":"https:\/\/frenchpapergallery.com\/index.php\/la-galerie-nouvelle\/","title":{"rendered":"La galerie nouvelle"},"content":{"rendered":"\n<figure class=\"wp-block-image size-large\"><img fetchpriority=\"high\" decoding=\"async\" width=\"1024\" height=\"522\" src=\"http:\/\/frenchpapergallery.com\/wp-content\/uploads\/2026\/04\/French-Paper-Gallery_nightV2-1024x522.jpg\" alt=\"\" class=\"wp-image-2572\" srcset=\"https:\/\/frenchpapergallery.com\/wp-content\/uploads\/2026\/04\/French-Paper-Gallery_nightV2-1024x522.jpg 1024w, https:\/\/frenchpapergallery.com\/wp-content\/uploads\/2026\/04\/French-Paper-Gallery_nightV2-300x153.jpg 300w, https:\/\/frenchpapergallery.com\/wp-content\/uploads\/2026\/04\/French-Paper-Gallery_nightV2-768x391.jpg 768w, https:\/\/frenchpapergallery.com\/wp-content\/uploads\/2026\/04\/French-Paper-Gallery_nightV2.jpg 1500w\" sizes=\"(max-width: 1024px) 100vw, 1024px\" \/><\/figure>\n\n\n\n<p>French Paper Gallery est un espace parisien d\u00e9di\u00e9 \u00e0 l\u2019estampe contemporaine, \u00e0 l\u2019illustration, \u00e0 la photographie et aux \u00e9ditions limit\u00e9es.<\/p>\n\n\n\n<p>La galerie pr\u00e9sente des expositions, accrochages et \u00e9v\u00e9nements autour d\u2019artistes, d\u2019univers graphiques et de cultures visuelles contemporaines, avec une attention particuli\u00e8re port\u00e9e \u00e0 la qualit\u00e9 d\u2019\u00e9dition, \u00e0 l\u2019impression et au papier.<\/p>\n\n\n\n<p>Pens\u00e9e comme un prolongement physique de French Paper Art Club, elle donne \u00e0 voir les \u0153uvres dans un cadre sobre, direct et accessible, au c\u0153ur du Marais.<\/p>\n\n\n\n<h3 class=\"wp-block-heading\">Informations pratiques<\/h3>\n\n\n\n<p>French Paper Gallery<br>51 rue Volta, 75003 Paris<\/p>\n\n\n\n<p>Du mercredi au samedi<br>14h \u2013 19h<\/p>\n\n\n\n<h3 class=\"wp-block-heading\">\u0152uvres disponibles en ligne<\/h3>\n\n\n\n<p>Retrouvez une s\u00e9lection de s\u00e9rigraphies, tirages d\u2019art et \u00e9ditions sur French Paper Art Club.<\/p>\n\n\n\n<div class=\"wp-block-buttons is-layout-flex wp-block-buttons-is-layout-flex\">\n<div class=\"wp-block-button\"><a class=\"wp-block-button__link wp-element-button\" href=\"https:\/\/www.frenchpaperartclub.com\" target=\"_blank\" rel=\"noreferrer noopener\">Visiter French Paper Art Club<\/a><\/div>\n<\/div>\n","protected":false},"excerpt":{"rendered":"<p>French Paper Gallery est un espace parisien d\u00e9di\u00e9 \u00e0 l\u2019estampe contemporaine, \u00e0 l\u2019illustration, \u00e0 la photographie et aux \u00e9ditions limit\u00e9es. La galerie pr\u00e9sente des expositions, accrochages et \u00e9v\u00e9nements autour d\u2019artistes, d\u2019univers graphiques et de cultures visuelles contemporaines, avec une attention particuli\u00e8re port\u00e9e \u00e0 la qualit\u00e9 d\u2019\u00e9dition, \u00e0 l\u2019impression et au papier. Pens\u00e9e comme un prolongement [&hellip;]<\/p>\n","protected":false},"author":3,"featured_media":0,"parent":0,"menu_order":0,"comment_status":"closed","ping_status":"closed","template":"","meta":{"ocean_post_layout":"","ocean_both_sidebars_style":"","ocean_both_sidebars_content_width":0,"ocean_both_sidebars_sidebars_width":0,"ocean_sidebar":"","ocean_second_sidebar":"","ocean_disable_margins":"enable","ocean_add_body_class":"","ocean_shortcode_before_top_bar":"","ocean_shortcode_after_top_bar":"","ocean_shortcode_before_header":"","ocean_shortcode_after_header":"","ocean_has_shortcode":"","ocean_shortcode_after_title":"","ocean_shortcode_before_footer_widgets":"","ocean_shortcode_after_footer_widgets":"","ocean_shortcode_before_footer_bottom":"","ocean_shortcode_after_footer_bottom":"","ocean_display_top_bar":"default","ocean_display_header":"default","ocean_header_style":"","ocean_center_header_left_menu":"","ocean_custom_header_template":"","ocean_custom_logo":0,"ocean_custom_retina_logo":0,"ocean_custom_logo_max_width":0,"ocean_custom_logo_tablet_max_width":0,"ocean_custom_logo_mobile_max_width":0,"ocean_custom_logo_max_height":0,"ocean_custom_logo_tablet_max_height":0,"ocean_custom_logo_mobile_max_height":0,"ocean_header_custom_menu":"","ocean_menu_typo_font_family":"","ocean_menu_typo_font_subset":"","ocean_menu_typo_font_size":0,"ocean_menu_typo_font_size_tablet":0,"ocean_menu_typo_font_size_mobile":0,"ocean_menu_typo_font_size_unit":"px","ocean_menu_typo_font_weight":"","ocean_menu_typo_font_weight_tablet":"","ocean_menu_typo_font_weight_mobile":"","ocean_menu_typo_transform":"","ocean_menu_typo_transform_tablet":"","ocean_menu_typo_transform_mobile":"","ocean_menu_typo_line_height":0,"ocean_menu_typo_line_height_tablet":0,"ocean_menu_typo_line_height_mobile":0,"ocean_menu_typo_line_height_unit":"","ocean_menu_typo_spacing":0,"ocean_menu_typo_spacing_tablet":0,"ocean_menu_typo_spacing_mobile":0,"ocean_menu_typo_spacing_unit":"","ocean_menu_link_color":"","ocean_menu_link_color_hover":"","ocean_menu_link_color_active":"","ocean_menu_link_background":"","ocean_menu_link_hover_background":"","ocean_menu_link_active_background":"","ocean_menu_social_links_bg":"","ocean_menu_social_hover_links_bg":"","ocean_menu_social_links_color":"","ocean_menu_social_hover_links_color":"","ocean_disable_title":"default","ocean_disable_heading":"default","ocean_post_title":"","ocean_post_subheading":"","ocean_post_title_style":"","ocean_post_title_background_color":"","ocean_post_title_background":0,"ocean_post_title_bg_image_position":"","ocean_post_title_bg_image_attachment":"","ocean_post_title_bg_image_repeat":"","ocean_post_title_bg_image_size":"","ocean_post_title_height":0,"ocean_post_title_bg_overlay":0.5,"ocean_post_title_bg_overlay_color":"","ocean_disable_breadcrumbs":"default","ocean_breadcrumbs_color":"","ocean_breadcrumbs_separator_color":"","ocean_breadcrumbs_links_color":"","ocean_breadcrumbs_links_hover_color":"","ocean_display_footer_widgets":"default","ocean_display_footer_bottom":"default","ocean_custom_footer_template":"","footnotes":""},"class_list":["post-2557","page","type-page","status-publish","hentry","entry"],"_links":{"self":[{"href":"https:\/\/frenchpapergallery.com\/index.php\/wp-json\/wp\/v2\/pages\/2557","targetHints":{"allow":["GET"]}}],"collection":[{"href":"https:\/\/frenchpapergallery.com\/index.php\/wp-json\/wp\/v2\/pages"}],"about":[{"href":"https:\/\/frenchpapergallery.com\/index.php\/wp-json\/wp\/v2\/types\/page"}],"author":[{"embeddable":true,"href":"https:\/\/frenchpapergallery.com\/index.php\/wp-json\/wp\/v2\/users\/3"}],"replies":[{"embeddable":true,"href":"https:\/\/frenchpapergallery.com\/index.php\/wp-json\/wp\/v2\/comments?post=2557"}],"version-history":[{"count":4,"href":"https:\/\/frenchpapergallery.com\/index.php\/wp-json\/wp\/v2\/pages\/2557\/revisions"}],"predecessor-version":[{"id":2574,"href":"https:\/\/frenchpapergallery.com\/index.php\/wp-json\/wp\/v2\/pages\/2557\/revisions\/2574"}],"wp:attachment":[{"href":"https:\/\/frenchpapergallery.com\/index.php\/wp-json\/wp\/v2\/media?parent=2557"}],"curies":[{"name":"wp","href":"https:\/\/api.w.org\/{rel}","templated":true}]}}