{"id":2535,"date":"2026-04-25T08:52:57","date_gmt":"2026-04-25T06:52:57","guid":{"rendered":"https:\/\/frenchpapergallery.com\/?page_id=2535"},"modified":"2026-04-25T11:50:29","modified_gmt":"2026-04-25T09:50:29","slug":"accueil-test","status":"publish","type":"page","link":"https:\/\/frenchpapergallery.com\/","title":{"rendered":"Accueil"},"content":{"rendered":"<div class=\"wp-block-image is-style-default\">\n<figure class=\"aligncenter size-large\"><a href=\"https:\/\/www.frenchpaperartclub.com\" target=\"_blank\" rel=\" noreferrer noopener\"><img fetchpriority=\"high\" decoding=\"async\" width=\"1024\" height=\"640\" src=\"https:\/\/frenchpapergallery.com\/wp-content\/uploads\/2026\/04\/Schwansee-frontsite-1024x640.jpg\" alt=\"\u0152uvre pr\u00e9sent\u00e9e par French Paper Gallery\" class=\"wp-image-2561\" srcset=\"https:\/\/frenchpapergallery.com\/wp-content\/uploads\/2026\/04\/Schwansee-frontsite-1024x640.jpg 1024w, https:\/\/frenchpapergallery.com\/wp-content\/uploads\/2026\/04\/Schwansee-frontsite-300x188.jpg 300w, https:\/\/frenchpapergallery.com\/wp-content\/uploads\/2026\/04\/Schwansee-frontsite-768x480.jpg 768w, https:\/\/frenchpapergallery.com\/wp-content\/uploads\/2026\/04\/Schwansee-frontsite-1536x960.jpg 1536w, https:\/\/frenchpapergallery.com\/wp-content\/uploads\/2026\/04\/Schwansee-frontsite.jpg 1600w\" sizes=\"(max-width: 1024px) 100vw, 1024px\" \/><\/a><figcaption class=\"wp-element-caption\">Illustration : Alex Alice | Le Ch\u00e2teau des \u00e9toiles (Editions Rue de S\u00e8vres)<\/figcaption><\/figure>\n<\/div>\n\n\n<p>French Paper Gallery pr\u00e9sente des expositions, \u00e9v\u00e9nements et \u00e9ditions autour de l\u2019estampe, de l\u2019illustration et des cultures visuelles contemporaines, au c\u0153ur du Marais \u00e0 Paris.<\/p>\n\n\n\n<div style=\"height:20px\" aria-hidden=\"true\" class=\"wp-block-spacer\"><\/div>\n\n\n\n<p><a href=\"https:\/\/frenchpapergallery.com\/index.php\/en-ce-moment\/\" data-type=\"page\" data-id=\"255\">Exposition en cours<\/a><\/p>\n\n\n\n<div style=\"height:10px\" aria-hidden=\"true\" class=\"wp-block-spacer\"><\/div>\n\n\n\n<p><a href=\"https:\/\/frenchpapergallery.com\/index.php\/expositions\/\" data-type=\"page\" data-id=\"257\">Expositions pass\u00e9es<\/a><\/p>\n\n\n\n<div style=\"height:10px\" aria-hidden=\"true\" class=\"wp-block-spacer\"><\/div>\n\n\n\n<p><a href=\"https:\/\/frenchpapergallery.com\/index.php\/contact\/\" data-type=\"page\" data-id=\"833\">Contact<\/a><\/p>\n\n\n\n<div style=\"height:24px\" aria-hidden=\"true\" class=\"wp-block-spacer\"><\/div>\n\n\n\n<figure class=\"wp-block-image size-large\"><img decoding=\"async\" width=\"1024\" height=\"502\" src=\"https:\/\/frenchpapergallery.com\/wp-content\/uploads\/2026\/04\/DURIEUX_b@m_front2FPG-1024x502.jpg\" alt=\"\" class=\"wp-image-2579\" srcset=\"https:\/\/frenchpapergallery.com\/wp-content\/uploads\/2026\/04\/DURIEUX_b@m_front2FPG-1024x502.jpg 1024w, https:\/\/frenchpapergallery.com\/wp-content\/uploads\/2026\/04\/DURIEUX_b@m_front2FPG-300x147.jpg 300w, https:\/\/frenchpapergallery.com\/wp-content\/uploads\/2026\/04\/DURIEUX_b@m_front2FPG-768x376.jpg 768w, https:\/\/frenchpapergallery.com\/wp-content\/uploads\/2026\/04\/DURIEUX_b@m_front2FPG-1536x753.jpg 1536w, https:\/\/frenchpapergallery.com\/wp-content\/uploads\/2026\/04\/DURIEUX_b@m_front2FPG.jpg 1600w\" sizes=\"(max-width: 1024px) 100vw, 1024px\" \/><figcaption class=\"wp-element-caption\"><br>Illustration : Laurent Durieux | Black &amp; Mortimer &#8211; La double exposition (Editions Dargaud)<\/figcaption><\/figure>\n\n\n\n<h3 class=\"wp-block-heading\">\u0152uvres disponibles en ligne<\/h3>\n\n\n\n<p>Retrouvez les s\u00e9rigraphies, tirages d\u2019art et \u00e9ditions disponibles sur French Paper Art Club.<\/p>\n\n\n\n<div class=\"wp-block-buttons is-layout-flex wp-block-buttons-is-layout-flex\">\n<div class=\"wp-block-button\"><a class=\"wp-block-button__link wp-element-button\" href=\"https:\/\/www.frenchpaperartclub.com\" target=\"_blank\" rel=\"noreferrer noopener\">Visiter French Paper Art Club<\/a><\/div>\n<\/div>\n\n\n\n<p><\/p>\n","protected":false},"excerpt":{"rendered":"<p>French Paper Gallery pr\u00e9sente des expositions, \u00e9v\u00e9nements et \u00e9ditions autour de l\u2019estampe, de l\u2019illustration et des cultures visuelles contemporaines, au c\u0153ur du Marais \u00e0 Paris. Exposition en cours Expositions pass\u00e9es Contact \u0152uvres disponibles en ligne Retrouvez les s\u00e9rigraphies, tirages d\u2019art et \u00e9ditions disponibles sur French Paper Art Club.<\/p>\n","protected":false},"author":3,"featured_media":0,"parent":0,"menu_order":0,"comment_status":"closed","ping_status":"closed","template":"","meta":{"ocean_post_layout":"","ocean_both_sidebars_style":"","ocean_both_sidebars_content_width":0,"ocean_both_sidebars_sidebars_width":0,"ocean_sidebar":"","ocean_second_sidebar":"","ocean_disable_margins":"enable","ocean_add_body_class":"","ocean_shortcode_before_top_bar":"","ocean_shortcode_after_top_bar":"","ocean_shortcode_before_header":"","ocean_shortcode_after_header":"","ocean_has_shortcode":"","ocean_shortcode_after_title":"","ocean_shortcode_before_footer_widgets":"","ocean_shortcode_after_footer_widgets":"","ocean_shortcode_before_footer_bottom":"","ocean_shortcode_after_footer_bottom":"","ocean_display_top_bar":"default","ocean_display_header":"on","ocean_header_style":"","ocean_center_header_left_menu":"","ocean_custom_header_template":"","ocean_custom_logo":0,"ocean_custom_retina_logo":0,"ocean_custom_logo_max_width":0,"ocean_custom_logo_tablet_max_width":0,"ocean_custom_logo_mobile_max_width":0,"ocean_custom_logo_max_height":0,"ocean_custom_logo_tablet_max_height":0,"ocean_custom_logo_mobile_max_height":0,"ocean_header_custom_menu":"14","ocean_menu_typo_font_family":"","ocean_menu_typo_font_subset":"","ocean_menu_typo_font_size":0,"ocean_menu_typo_font_size_tablet":0,"ocean_menu_typo_font_size_mobile":0,"ocean_menu_typo_font_size_unit":"px","ocean_menu_typo_font_weight":"","ocean_menu_typo_font_weight_tablet":"","ocean_menu_typo_font_weight_mobile":"","ocean_menu_typo_transform":"","ocean_menu_typo_transform_tablet":"","ocean_menu_typo_transform_mobile":"","ocean_menu_typo_line_height":0,"ocean_menu_typo_line_height_tablet":0,"ocean_menu_typo_line_height_mobile":0,"ocean_menu_typo_line_height_unit":"","ocean_menu_typo_spacing":0,"ocean_menu_typo_spacing_tablet":0,"ocean_menu_typo_spacing_mobile":0,"ocean_menu_typo_spacing_unit":"","ocean_menu_link_color":"","ocean_menu_link_color_hover":"","ocean_menu_link_color_active":"","ocean_menu_link_background":"","ocean_menu_link_hover_background":"","ocean_menu_link_active_background":"","ocean_menu_social_links_bg":"","ocean_menu_social_hover_links_bg":"","ocean_menu_social_links_color":"","ocean_menu_social_hover_links_color":"","ocean_disable_title":"default","ocean_disable_heading":"default","ocean_post_title":"","ocean_post_subheading":"","ocean_post_title_style":"","ocean_post_title_background_color":"","ocean_post_title_background":0,"ocean_post_title_bg_image_position":"","ocean_post_title_bg_image_attachment":"","ocean_post_title_bg_image_repeat":"","ocean_post_title_bg_image_size":"","ocean_post_title_height":0,"ocean_post_title_bg_overlay":0.5,"ocean_post_title_bg_overlay_color":"","ocean_disable_breadcrumbs":"default","ocean_breadcrumbs_color":"","ocean_breadcrumbs_separator_color":"","ocean_breadcrumbs_links_color":"","ocean_breadcrumbs_links_hover_color":"","ocean_display_footer_widgets":"default","ocean_display_footer_bottom":"default","ocean_custom_footer_template":"","footnotes":""},"class_list":["post-2535","page","type-page","status-publish","hentry","entry"],"_links":{"self":[{"href":"https:\/\/frenchpapergallery.com\/index.php\/wp-json\/wp\/v2\/pages\/2535","targetHints":{"allow":["GET"]}}],"collection":[{"href":"https:\/\/frenchpapergallery.com\/index.php\/wp-json\/wp\/v2\/pages"}],"about":[{"href":"https:\/\/frenchpapergallery.com\/index.php\/wp-json\/wp\/v2\/types\/page"}],"author":[{"embeddable":true,"href":"https:\/\/frenchpapergallery.com\/index.php\/wp-json\/wp\/v2\/users\/3"}],"replies":[{"embeddable":true,"href":"https:\/\/frenchpapergallery.com\/index.php\/wp-json\/wp\/v2\/comments?post=2535"}],"version-history":[{"count":14,"href":"https:\/\/frenchpapergallery.com\/index.php\/wp-json\/wp\/v2\/pages\/2535\/revisions"}],"predecessor-version":[{"id":2595,"href":"https:\/\/frenchpapergallery.com\/index.php\/wp-json\/wp\/v2\/pages\/2535\/revisions\/2595"}],"wp:attachment":[{"href":"https:\/\/frenchpapergallery.com\/index.php\/wp-json\/wp\/v2\/media?parent=2535"}],"curies":[{"name":"wp","href":"https:\/\/api.w.org\/{rel}","templated":true}]}}